{"id":11,"date":"2020-02-03T14:01:16","date_gmt":"2020-02-03T14:01:16","guid":{"rendered":"https:\/\/www.bavoillotavocats.com\/?page_id=11"},"modified":"2020-02-10T15:20:33","modified_gmt":"2020-02-10T15:20:33","slug":"competences","status":"publish","type":"page","link":"https:\/\/www.bavoillotavocats.com\/index.php\/fr\/competences\/","title":{"rendered":"Comp\u00e9tences"},"content":{"rendered":"\n<div class=\"wp-block-columns are-vertically-aligned-center is-layout-flex wp-container-core-columns-is-layout-9d6595d7 wp-block-columns-is-layout-flex\">\n<div class=\"wp-block-column is-vertically-aligned-center is-layout-flow wp-block-column-is-layout-flow\">\n<h5 class=\"has-text-align-left wp-block-heading\"><strong>Comp\u00e9tences\/Domaine d\u2019Expertise :<\/strong><br><\/h5>\n\n\n\n<ul class=\"wp-block-list\"><li>  Fusions et acquisitions<\/li><li> Droit des soci\u00e9t\u00e9s\/ droit boursier<\/li><li> Gouvernance d\u2019entreprise<\/li><li> Op\u00e9rations financi\u00e8res <\/li><li> Droit des contrats<\/li><li> Contrats internationaux<\/li><li> Conformit\u00e9, Ethique<\/li><li> Fermeture de sites et reconversion de sites industriels <\/li><\/ul>\n<\/div>\n\n\n\n<div class=\"wp-block-column is-vertically-aligned-center is-layout-flow wp-block-column-is-layout-flow\">\n<figure class=\"wp-block-image size-large\"><img loading=\"lazy\" decoding=\"async\" width=\"1024\" height=\"683\" src=\"https:\/\/www.bavoillotavocats.com\/wp-content\/uploads\/2020\/02\/contrat-1024x683.jpg\" alt=\"\" class=\"wp-image-233\" srcset=\"https:\/\/www.bavoillotavocats.com\/wp-content\/uploads\/2020\/02\/contrat-1024x683.jpg 1024w, https:\/\/www.bavoillotavocats.com\/wp-content\/uploads\/2020\/02\/contrat-300x200.jpg 300w, https:\/\/www.bavoillotavocats.com\/wp-content\/uploads\/2020\/02\/contrat-768x513.jpg 768w, https:\/\/www.bavoillotavocats.com\/wp-content\/uploads\/2020\/02\/contrat-1536x1025.jpg 1536w, https:\/\/www.bavoillotavocats.com\/wp-content\/uploads\/2020\/02\/contrat-2048x1367.jpg 2048w, https:\/\/www.bavoillotavocats.com\/wp-content\/uploads\/2020\/02\/contrat-1200x801.jpg 1200w\" sizes=\"auto, (max-width: 709px) 85vw, (max-width: 909px) 67vw, (max-width: 1362px) 62vw, 840px\" \/><\/figure>\n<\/div>\n<\/div>\n","protected":false},"excerpt":{"rendered":"<p>Comp\u00e9tences\/Domaine d\u2019Expertise : Fusions et acquisitions Droit des soci\u00e9t\u00e9s\/ droit boursier Gouvernance d\u2019entreprise Op\u00e9rations financi\u00e8res Droit des contrats Contrats internationaux Conformit\u00e9, Ethique Fermeture de sites et reconversion de sites industriels<\/p>\n","protected":false},"author":1,"featured_media":0,"parent":0,"menu_order":0,"comment_status":"closed","ping_status":"closed","template":"","meta":{"inline_featured_image":false,"footnotes":""},"class_list":["post-11","page","type-page","status-publish","hentry"],"_links":{"self":[{"href":"https:\/\/www.bavoillotavocats.com\/index.php\/wp-json\/wp\/v2\/pages\/11","targetHints":{"allow":["GET"]}}],"collection":[{"href":"https:\/\/www.bavoillotavocats.com\/index.php\/wp-json\/wp\/v2\/pages"}],"about":[{"href":"https:\/\/www.bavoillotavocats.com\/index.php\/wp-json\/wp\/v2\/types\/page"}],"author":[{"embeddable":true,"href":"https:\/\/www.bavoillotavocats.com\/index.php\/wp-json\/wp\/v2\/users\/1"}],"replies":[{"embeddable":true,"href":"https:\/\/www.bavoillotavocats.com\/index.php\/wp-json\/wp\/v2\/comments?post=11"}],"version-history":[{"count":19,"href":"https:\/\/www.bavoillotavocats.com\/index.php\/wp-json\/wp\/v2\/pages\/11\/revisions"}],"predecessor-version":[{"id":382,"href":"https:\/\/www.bavoillotavocats.com\/index.php\/wp-json\/wp\/v2\/pages\/11\/revisions\/382"}],"wp:attachment":[{"href":"https:\/\/www.bavoillotavocats.com\/index.php\/wp-json\/wp\/v2\/media?parent=11"}],"curies":[{"name":"wp","href":"https:\/\/api.w.org\/{rel}","templated":true}]}}