{"id":119,"date":"2020-02-05T12:00:22","date_gmt":"2020-02-05T12:00:22","guid":{"rendered":"https:\/\/www.bavoillotavocats.com\/?page_id=119"},"modified":"2020-02-08T15:16:37","modified_gmt":"2020-02-08T15:16:37","slug":"mentions-legales","status":"publish","type":"page","link":"https:\/\/www.bavoillotavocats.com\/index.php\/fr\/mentions-legales\/","title":{"rendered":"Mentions l\u00e9gales"},"content":{"rendered":"\n<h5 class=\"has-text-align-center wp-block-heading\">Mentions l\u00e9gales<\/h5>\n\n\n\n<p>Conform\u00e9ment de l\u2019Article n\u00b06 de la Loi n\u00b02004-575 du 21 Juin 2004 pour la confiance dans l\u2019\u00e9conomie num\u00e9rique, les responsables du pr\u00e9sent site internet  <a href=\"http:\/\/bavoillotavocats.com\/\">bavoillotavocats.com<\/a>  sont :<\/p>\n\n\n\n<p><strong>H\u00e9bergeur :<\/strong><\/p>\n\n\n\n<p>Global Service Provider<br>Site Web :&nbsp;<a href=\"https:\/\/www.globalsp.com\/\">globalsp.com<\/a><\/p>\n\n\n\n<p><strong>Concepteur \/ Webmaster :<\/strong><\/p>\n\n\n\n<p>Emmanuel Zablocki \u2013&nbsp;<a rel=\"noreferrer noopener\" aria-label=\" (opens in a new tab)\" href=\"http:\/\/www.zzoo.fr\/\" target=\"_blank\">zzoo.fr<\/a><\/p>\n\n\n\n<p><strong>Conditions d\u2019utilisation :<\/strong><\/p>\n\n\n\n<p>Le site&nbsp;<a href=\"http:\/\/bavoillotavocats.com\">bavoillotavocats.com<\/a>&nbsp;utilise diff\u00e9rents langages et technologies web (HTML, HTML5, Javascript, CSS, PHP, MySql, etc\u2026) conformes \u00e0 l\u2019\u00e9tat de l\u2019art au moment de la mise en ligne du site. Pour un confort de navigation optimis\u00e9 nous vous recommandons l\u2019utilisation de navigateurs r\u00e9cents et conformes aux r\u00e8gles du W3C, comme Internet Explorer, Safari, &nbsp;Firefox, Google Chrome dans leur version les plus r\u00e9centes. Si la navigation reste possible avec des navigateurs plus anciens, elle pourra subir quelques d\u00e9fauts d\u2019affichage qui sont le fait de l\u2019obsolescence de ces navigateurs.<\/p>\n\n\n\n<p><strong><span style=\"color:#a5172c\" class=\"tadv-color\">B<\/span>avoillot <span style=\"color:#a5172c\" class=\"tadv-color\">A<\/span>vocats<\/strong> diffuse une information fiable et mise \u00e0 jour r\u00e9guli\u00e8rement. Toutefois, malgr\u00e9 tout le soin port\u00e9 aux contenus, des erreurs ou omissions peuvent subsister.<\/p>\n\n\n\n<p>Le contenu pr\u00e9sent sur le site\u00a0<a rel=\"noreferrer noopener\" href=\"http:\/\/bavoillotavocats.com\/\" target=\"_blank\">bavoillotavocats.com<\/a>, incluant, de fa\u00e7on non limitative, les images, textes, vid\u00e9os, logos et ic\u00f4nes ainsi que leur mise en forme sont la propri\u00e9t\u00e9 exclusive du Cabinet \u00e0 l\u2019exception des marques, logos ou contenus appartenant \u00e0 d\u2019autres soci\u00e9t\u00e9s partenaires ou auteurs. Toute reproduction, distribution, modification, adaptation,\u00a0 retransmission ou publication, m\u00eame partielle, de ces diff\u00e9rents \u00e9l\u00e9ments est strictement interdite sans l\u2019accord expr\u00e8s de<strong> <span style=\"color:#a5172c\" class=\"tadv-color\">B<\/span>avoillot <span style=\"color:#a5172c\" class=\"tadv-color\">A<\/span>vocats.<\/strong>\u00a0 <\/p>\n","protected":false},"excerpt":{"rendered":"<p>Mentions l\u00e9gales Conform\u00e9ment de l\u2019Article n\u00b06 de la Loi n\u00b02004-575 du 21 Juin 2004 pour la confiance dans l\u2019\u00e9conomie num\u00e9rique, les responsables du pr\u00e9sent site internet bavoillotavocats.com sont : H\u00e9bergeur : Global Service ProviderSite Web :&nbsp;globalsp.com Concepteur \/ Webmaster : Emmanuel Zablocki \u2013&nbsp;zzoo.fr Conditions d\u2019utilisation : Le site&nbsp;bavoillotavocats.com&nbsp;utilise diff\u00e9rents langages et technologies web (HTML, HTML5, &hellip; <a href=\"https:\/\/www.bavoillotavocats.com\/index.php\/fr\/mentions-legales\/\" class=\"more-link\">Continue reading<span class=\"screen-reader-text\"> &#8220;Mentions l\u00e9gales&#8221;<\/span><\/a><\/p>\n","protected":false},"author":1,"featured_media":0,"parent":0,"menu_order":0,"comment_status":"closed","ping_status":"closed","template":"","meta":{"inline_featured_image":false,"footnotes":""},"class_list":["post-119","page","type-page","status-publish","hentry"],"_links":{"self":[{"href":"https:\/\/www.bavoillotavocats.com\/index.php\/wp-json\/wp\/v2\/pages\/119","targetHints":{"allow":["GET"]}}],"collection":[{"href":"https:\/\/www.bavoillotavocats.com\/index.php\/wp-json\/wp\/v2\/pages"}],"about":[{"href":"https:\/\/www.bavoillotavocats.com\/index.php\/wp-json\/wp\/v2\/types\/page"}],"author":[{"embeddable":true,"href":"https:\/\/www.bavoillotavocats.com\/index.php\/wp-json\/wp\/v2\/users\/1"}],"replies":[{"embeddable":true,"href":"https:\/\/www.bavoillotavocats.com\/index.php\/wp-json\/wp\/v2\/comments?post=119"}],"version-history":[{"count":9,"href":"https:\/\/www.bavoillotavocats.com\/index.php\/wp-json\/wp\/v2\/pages\/119\/revisions"}],"predecessor-version":[{"id":377,"href":"https:\/\/www.bavoillotavocats.com\/index.php\/wp-json\/wp\/v2\/pages\/119\/revisions\/377"}],"wp:attachment":[{"href":"https:\/\/www.bavoillotavocats.com\/index.php\/wp-json\/wp\/v2\/media?parent=119"}],"curies":[{"name":"wp","href":"https:\/\/api.w.org\/{rel}","templated":true}]}}