{"id":13,"date":"2020-02-03T14:28:59","date_gmt":"2020-02-03T14:28:59","guid":{"rendered":"https:\/\/www.bavoillotavocats.com\/?page_id=13"},"modified":"2020-02-08T15:05:49","modified_gmt":"2020-02-08T15:05:49","slug":"nos-clients","status":"publish","type":"page","link":"https:\/\/www.bavoillotavocats.com\/index.php\/fr\/nos-clients\/","title":{"rendered":"Nos Clients"},"content":{"rendered":"\n<h5 class=\"has-text-align-center wp-block-heading\">Nos Clients<\/h5>\n\n\n\n<p class=\"has-small-font-size\"><strong><span style=\"color:#a5172c\" class=\"tadv-color\">B<\/span>AVOILLOT <span style=\"color:#a5172c\" class=\"tadv-color\">A<\/span>VOCATS<\/strong> assiste ses clients dans les domaines des Fusions &amp; Acquisitions, du droit des soci\u00e9t\u00e9s, du business d\u00e9veloppement, dans la r\u00e9alisation d\u2019op\u00e9rations financi\u00e8res ainsi qu\u2019en mati\u00e8re de RSE et de droit de l\u2019environnement industriel. <\/p>\n\n\n<div class=\"n2-section-smartslider fitvidsignore \" data-ssid=\"3\" tabindex=\"0\" role=\"region\" aria-label=\"Slider\"><div id=\"n2-ss-3-align\" class=\"n2-ss-align\"><div class=\"n2-padding\"><div id=\"n2-ss-3\" data-creator=\"Smart Slider 3\" data-responsive=\"auto\" class=\"n2-ss-slider n2-ow n2-has-hover n2notransition  \">\n        <div class=\"n2-ss-slider-1 n2_ss__touch_element n2-ow\">\n            <div class=\"n2-ss-slider-2 n2-ow\">\n                                                <div class=\"n2-ss-slider-3 n2-ow\">\n\n                    <div class=\"n2-ss-slide-backgrounds n2-ow-all\"><div class=\"n2-ss-slide-background\" data-public-id=\"1\" data-mode=\"fill\"><div class=\"n2-ss-slide-background-image\" data-blur=\"0\" data-opacity=\"100\" data-x=\"50\" data-y=\"50\" data-alt=\"\" data-title=\"\"><picture class=\"skip-lazy\" data-skip-lazy=\"1\"><img decoding=\"async\" src=\"\/\/www.bavoillotavocats.com\/wp-content\/uploads\/slider3\/adults-airport-black-and-white-building-114797.jpeg\" alt=\"\" title=\"\" loading=\"lazy\" class=\"skip-lazy\" data-skip-lazy=\"1\"><\/picture><\/div><div data-color=\"RGBA(255,255,255,0)\" style=\"background-color: RGBA(255,255,255,0);\" class=\"n2-ss-slide-background-color\"><\/div><\/div><\/div>                    <div class=\"n2-ss-slider-4 n2-ow\">\n                        <svg xmlns=\"http:\/\/www.w3.org\/2000\/svg\" viewBox=\"0 0 1200 500\" data-related-device=\"desktopPortrait\" class=\"n2-ow n2-ss-preserve-size n2-ss-preserve-size--slider n2-ss-slide-limiter\"><\/svg><div data-first=\"1\" data-slide-duration=\"0\" data-id=\"5\" data-slide-public-id=\"1\" data-title=\"adults-airport-black-and-white-building-114797\" class=\"n2-ss-slide n2-ow  n2-ss-slide-5\"><div role=\"note\" class=\"n2-ss-slide--focus\" tabindex=\"-1\">adults-airport-black-and-white-building-114797<\/div><div class=\"n2-ss-layers-container n2-ss-slide-limiter n2-ow\"><div class=\"n2-ss-layer n2-ow n-uc-WiMUweWtA7F8\" data-sstype=\"slide\" data-pm=\"default\"><\/div><\/div><\/div>                    <\/div>\n\n                                    <\/div>\n            <\/div>\n        <\/div>\n        <\/div><ss3-loader><\/ss3-loader><\/div><\/div><div class=\"n2_clear\"><\/div><\/div>\n\n\n<div style=\"height:40px\" aria-hidden=\"true\" class=\"wp-block-spacer\"><\/div>\n\n\n\n<p class=\"has-text-align-center has-small-font-size\"><strong><span style=\"color:#a5172c\" class=\"tadv-color\">B<\/span>AVOILLOT <span style=\"color:#a5172c\" class=\"tadv-color\">A<\/span>VOCATS<\/strong> intervient pour ses clients\u00a0dans des projets tels que :<\/p>\n\n\n\n<ul class=\"wp-block-list\"><li>Conseil dans les op\u00e9rations de cessions\/acquisitions<\/li><\/ul>\n\n\n\n<ul class=\"wp-block-list\"><li> Appui dans la r\u00e9alisation d\u2019op\u00e9rations de structures et de r\u00e9organisation corporate. <\/li><\/ul>\n\n\n\n<ul class=\"wp-block-list\"><li> Assistance de groupes fran\u00e7ais et internationaux dans la mise en \u0153uvre des d\u00e9cisions strat\u00e9giques en mati\u00e8re de corporate governance. <\/li><\/ul>\n\n\n\n<ul class=\"wp-block-list\"><li> Conseil pour le volet strat\u00e9gique et corporate de la cr\u00e9ation, du d\u00e9veloppement et du financement d\u2019ETI et ouverture de capital de soci\u00e9t\u00e9s. <\/li><\/ul>\n\n\n\n<ul class=\"wp-block-list\"><li> Pr\u00e9paration des conseils d\u2019administration, r\u00e9daction des r\u00e8glements int\u00e9rieurs des conseils d\u2019administration.<\/li><\/ul>\n\n\n\n<ul class=\"wp-block-list\"><li> Conseil de groupes fran\u00e7ais et internationaux dans la n\u00e9gociation, la cr\u00e9ation et le suivi de soci\u00e9t\u00e9s communes en France et \u00e0 l\u2019international dans le domaine de l\u2019\u00e9nergie.<\/li><\/ul>\n\n\n\n<ul class=\"wp-block-list\"><li> Assistance de groupes fran\u00e7ais et internationaux dans l\u2019optimisation des documents boursiers et du fonctionnement des conseils d\u2019administration et des diff\u00e9rents comit\u00e9s du conseil. <\/li><\/ul>\n\n\n\n<ul class=\"wp-block-list\"><li> Conseil pour ces groupes dans leurs relations avec les autorit\u00e9s de march\u00e9.<\/li><\/ul>\n\n\n\n<ul class=\"wp-block-list\"><li> R\u00e9alisation d\u2019\u00e9valuations de fonctionnement de Conseils d\u2019Administration. <\/li><\/ul>\n\n\n\n<ul class=\"wp-block-list\"><li> Mise en place et r\u00e9alisation d\u2019audit pour des groupes internationaux en mati\u00e8re de gouvernement d\u2019entreprise, de conformit\u00e9, d\u2019\u00e9thique\/RSE.<\/li><\/ul>\n\n\n\n<ul class=\"wp-block-list\"><li> Assistance de groupes industriels dans la r\u00e9daction et n\u00e9gociation de contrats industriels en France et \u00e0 l\u2019international. S\u00e9curisation des aspects risques et commerciaux dans les n\u00e9gociations contractuelles.<\/li><\/ul>\n\n\n\n<ul class=\"wp-block-list\"><li> Conseil de groupes industriels en droit de l\u2019\u00e9nergie et droit hydraulique pour le volet corporate, contractuel et droit de l\u2019environnement d\u2019une op\u00e9ration de restructuration\/cession.<\/li><\/ul>\n\n\n\n<ul class=\"wp-block-list\"><li> Assistance de groupes fran\u00e7ais et internationaux dans la fermeture et extension de sites industriels ainsi que la cession de terrains et reconversion industrielle aupr\u00e8s d\u2019institutionnels et d\u2019investisseurs priv\u00e9s. Conseil en droit de l\u2019environnement et financement du risque environnemental pour des groupes industriels et des institutionnels.<\/li><\/ul>\n","protected":false},"excerpt":{"rendered":"<p>Nos Clients BAVOILLOT AVOCATS assiste ses clients dans les domaines des Fusions &amp; Acquisitions, du droit des soci\u00e9t\u00e9s, du business d\u00e9veloppement, dans la r\u00e9alisation d\u2019op\u00e9rations financi\u00e8res ainsi qu\u2019en mati\u00e8re de RSE et de droit de l\u2019environnement industriel. BAVOILLOT AVOCATS intervient pour ses clients\u00a0dans des projets tels que : Conseil dans les op\u00e9rations de cessions\/acquisitions Appui &hellip; <a href=\"https:\/\/www.bavoillotavocats.com\/index.php\/fr\/nos-clients\/\" class=\"more-link\">Continue reading<span class=\"screen-reader-text\"> &#8220;Nos Clients&#8221;<\/span><\/a><\/p>\n","protected":false},"author":1,"featured_media":0,"parent":0,"menu_order":0,"comment_status":"closed","ping_status":"closed","template":"","meta":{"inline_featured_image":false,"footnotes":""},"class_list":["post-13","page","type-page","status-publish","hentry"],"_links":{"self":[{"href":"https:\/\/www.bavoillotavocats.com\/index.php\/wp-json\/wp\/v2\/pages\/13","targetHints":{"allow":["GET"]}}],"collection":[{"href":"https:\/\/www.bavoillotavocats.com\/index.php\/wp-json\/wp\/v2\/pages"}],"about":[{"href":"https:\/\/www.bavoillotavocats.com\/index.php\/wp-json\/wp\/v2\/types\/page"}],"author":[{"embeddable":true,"href":"https:\/\/www.bavoillotavocats.com\/index.php\/wp-json\/wp\/v2\/users\/1"}],"replies":[{"embeddable":true,"href":"https:\/\/www.bavoillotavocats.com\/index.php\/wp-json\/wp\/v2\/comments?post=13"}],"version-history":[{"count":17,"href":"https:\/\/www.bavoillotavocats.com\/index.php\/wp-json\/wp\/v2\/pages\/13\/revisions"}],"predecessor-version":[{"id":372,"href":"https:\/\/www.bavoillotavocats.com\/index.php\/wp-json\/wp\/v2\/pages\/13\/revisions\/372"}],"wp:attachment":[{"href":"https:\/\/www.bavoillotavocats.com\/index.php\/wp-json\/wp\/v2\/media?parent=13"}],"curies":[{"name":"wp","href":"https:\/\/api.w.org\/{rel}","templated":true}]}}