{"id":16,"date":"2020-02-04T08:19:05","date_gmt":"2020-02-04T08:19:05","guid":{"rendered":"https:\/\/www.bavoillotavocats.com\/?page_id=16"},"modified":"2020-02-08T15:07:06","modified_gmt":"2020-02-08T15:07:06","slug":"les-partenaires-du-cabinet","status":"publish","type":"page","link":"https:\/\/www.bavoillotavocats.com\/index.php\/fr\/les-partenaires-du-cabinet\/","title":{"rendered":"Les Partenaires du Cabinet"},"content":{"rendered":"\n<h5 class=\"has-text-align-center wp-block-heading\">Les Partenaires du Cabinet<\/h5>\n\n\n\n<p class=\"has-small-font-size\"><strong><span style=\"color:#a5172c\" class=\"tadv-color\">B<\/span>AVOILLOT<span style=\"color:#a5172c\" class=\"tadv-color\"> A<\/span>VOCATS<\/strong> conseille ses clients en France et \u00e0 l\u2019international gr\u00e2ce \u00e0 un r\u00e9seau d\u2019experts juridiques qui collaborent aux travaux du Cabinet en fonction des domaines qui sont trait\u00e9s et des sp\u00e9cificit\u00e9s des dossiers.<\/p>\n\n\n\n<figure class=\"wp-block-image size-large\"><img loading=\"lazy\" decoding=\"async\" width=\"1024\" height=\"683\" src=\"https:\/\/www.bavoillotavocats.com\/wp-content\/uploads\/2020\/02\/matthew-henry-nvFpb_MMRj8-unsplash-1024x683.jpg\" alt=\"\" class=\"wp-image-240\" srcset=\"https:\/\/www.bavoillotavocats.com\/wp-content\/uploads\/2020\/02\/matthew-henry-nvFpb_MMRj8-unsplash-1024x683.jpg 1024w, https:\/\/www.bavoillotavocats.com\/wp-content\/uploads\/2020\/02\/matthew-henry-nvFpb_MMRj8-unsplash-300x200.jpg 300w, https:\/\/www.bavoillotavocats.com\/wp-content\/uploads\/2020\/02\/matthew-henry-nvFpb_MMRj8-unsplash-768x512.jpg 768w, https:\/\/www.bavoillotavocats.com\/wp-content\/uploads\/2020\/02\/matthew-henry-nvFpb_MMRj8-unsplash-1536x1024.jpg 1536w, https:\/\/www.bavoillotavocats.com\/wp-content\/uploads\/2020\/02\/matthew-henry-nvFpb_MMRj8-unsplash-2048x1365.jpg 2048w, https:\/\/www.bavoillotavocats.com\/wp-content\/uploads\/2020\/02\/matthew-henry-nvFpb_MMRj8-unsplash-1200x800.jpg 1200w\" sizes=\"auto, (max-width: 709px) 85vw, (max-width: 909px) 67vw, (max-width: 1362px) 62vw, 840px\" \/><\/figure>\n","protected":false},"excerpt":{"rendered":"<p>Les Partenaires du Cabinet BAVOILLOT AVOCATS conseille ses clients en France et \u00e0 l\u2019international gr\u00e2ce \u00e0 un r\u00e9seau d\u2019experts juridiques qui collaborent aux travaux du Cabinet en fonction des domaines qui sont trait\u00e9s et des sp\u00e9cificit\u00e9s des dossiers.<\/p>\n","protected":false},"author":1,"featured_media":0,"parent":0,"menu_order":0,"comment_status":"closed","ping_status":"closed","template":"","meta":{"inline_featured_image":false,"footnotes":""},"class_list":["post-16","page","type-page","status-publish","hentry"],"_links":{"self":[{"href":"https:\/\/www.bavoillotavocats.com\/index.php\/wp-json\/wp\/v2\/pages\/16","targetHints":{"allow":["GET"]}}],"collection":[{"href":"https:\/\/www.bavoillotavocats.com\/index.php\/wp-json\/wp\/v2\/pages"}],"about":[{"href":"https:\/\/www.bavoillotavocats.com\/index.php\/wp-json\/wp\/v2\/types\/page"}],"author":[{"embeddable":true,"href":"https:\/\/www.bavoillotavocats.com\/index.php\/wp-json\/wp\/v2\/users\/1"}],"replies":[{"embeddable":true,"href":"https:\/\/www.bavoillotavocats.com\/index.php\/wp-json\/wp\/v2\/comments?post=16"}],"version-history":[{"count":5,"href":"https:\/\/www.bavoillotavocats.com\/index.php\/wp-json\/wp\/v2\/pages\/16\/revisions"}],"predecessor-version":[{"id":373,"href":"https:\/\/www.bavoillotavocats.com\/index.php\/wp-json\/wp\/v2\/pages\/16\/revisions\/373"}],"wp:attachment":[{"href":"https:\/\/www.bavoillotavocats.com\/index.php\/wp-json\/wp\/v2\/media?parent=16"}],"curies":[{"name":"wp","href":"https:\/\/api.w.org\/{rel}","templated":true}]}}