{"id":9,"date":"2020-02-03T13:58:46","date_gmt":"2020-02-03T13:58:46","guid":{"rendered":"https:\/\/www.bavoillotavocats.com\/?page_id=9"},"modified":"2020-02-10T15:16:08","modified_gmt":"2020-02-10T15:16:08","slug":"le-cabinet","status":"publish","type":"page","link":"https:\/\/www.bavoillotavocats.com\/index.php\/fr\/le-cabinet\/","title":{"rendered":"Le Cabinet"},"content":{"rendered":"\n<div class=\"wp-block-columns are-vertically-aligned-center is-layout-flex wp-container-core-columns-is-layout-9d6595d7 wp-block-columns-is-layout-flex\">\n<div class=\"wp-block-column is-vertically-aligned-center is-layout-flow wp-block-column-is-layout-flow\" style=\"flex-basis:66.66%\">\n<h5 class=\"has-text-align-center wp-block-heading\">Le Cabinet<\/h5>\n\n\n\n<ul class=\"wp-block-list\"><li><strong><span style=\"color:#a5172c\" class=\"tadv-color\">B<\/span>AVOILLOT <span style=\"color:#a5172c\" class=\"tadv-color\">A<\/span>VOCATS<\/strong> intervient dans les  domaines des Fusions &amp; Acquisitions, de la corporate governance et conformit\u00e9 et l\u2019accompagnement des Conseils d\u2019administration, Conseils de Surveillance, organes ex\u00e9cutifs.<\/li><\/ul>\n\n\n\n<ul class=\"wp-block-list\"><li> Le Cabinet conseille ses clients dans la r\u00e9alisation des op\u00e9rations de restructurations et de r\u00e9organisation corporate.<\/li><\/ul>\n\n\n\n<ul class=\"wp-block-list\"><li> Il assiste \u00e9galement ses clients dans les domaines du droit des soci\u00e9t\u00e9s, du business d\u00e9veloppement, dans la r\u00e9alisation d\u2019op\u00e9rations financi\u00e8res ainsi qu\u2019en mati\u00e8re d\u2019\u00e9thique, de RSE et de droit de l\u2019environnement industriel. <\/li><\/ul>\n<\/div>\n\n\n\n<div class=\"wp-block-column is-vertically-aligned-center is-layout-flow wp-block-column-is-layout-flow\" style=\"flex-basis:33.33%\">\n<figure class=\"wp-block-image size-large\"><img loading=\"lazy\" decoding=\"async\" width=\"1024\" height=\"683\" src=\"https:\/\/www.bavoillotavocats.com\/wp-content\/uploads\/2020\/02\/chairs-daylight-designer-empty-416320-1024x683.jpg\" alt=\"\" class=\"wp-image-255\" srcset=\"https:\/\/www.bavoillotavocats.com\/wp-content\/uploads\/2020\/02\/chairs-daylight-designer-empty-416320-1024x683.jpg 1024w, https:\/\/www.bavoillotavocats.com\/wp-content\/uploads\/2020\/02\/chairs-daylight-designer-empty-416320-300x200.jpg 300w, https:\/\/www.bavoillotavocats.com\/wp-content\/uploads\/2020\/02\/chairs-daylight-designer-empty-416320-768x512.jpg 768w, https:\/\/www.bavoillotavocats.com\/wp-content\/uploads\/2020\/02\/chairs-daylight-designer-empty-416320-1536x1024.jpg 1536w, https:\/\/www.bavoillotavocats.com\/wp-content\/uploads\/2020\/02\/chairs-daylight-designer-empty-416320-2048x1365.jpg 2048w, https:\/\/www.bavoillotavocats.com\/wp-content\/uploads\/2020\/02\/chairs-daylight-designer-empty-416320-1200x800.jpg 1200w\" sizes=\"auto, (max-width: 709px) 85vw, (max-width: 909px) 67vw, (max-width: 1362px) 62vw, 840px\" \/><\/figure>\n<\/div>\n<\/div>\n\n\n\n<div class=\"wp-block-columns are-vertically-aligned-center is-layout-flex wp-container-core-columns-is-layout-9d6595d7 wp-block-columns-is-layout-flex\">\n<div class=\"wp-block-column is-vertically-aligned-center is-layout-flow wp-block-column-is-layout-flow\" style=\"flex-basis:66.66%\">\n<h5 class=\"has-text-align-center wp-block-heading\"> Fondateur <\/h5>\n\n\n\n<ul class=\"wp-block-list\"><li> Le Cabinet <strong><span style=\"color:#a5172c\" class=\"tadv-color\">B<\/span>AVOILLOT <span style=\"color:#a5172c\" class=\"tadv-color\">A<\/span>VOCATS<\/strong> a \u00e9t\u00e9 fond\u00e9 par Fran\u00e7ois Bavoillot, titulaire d\u2019un DEA de Droit des Affaires et d\u2019Economie de l\u2019Universit\u00e9 de Paris I Panth\u00e9on-Sorbonne.<\/li><\/ul>\n\n\n\n<ul class=\"wp-block-list\"><li> Fran\u00e7ois Bavoillot a enseign\u00e9 en tant que Maitre de Conf\u00e9rences \u00e0 l\u2019Ecole de Droit de Sciences Po.<\/li><\/ul>\n\n\n\n<ul class=\"wp-block-list\"><li> Fran\u00e7ois Bavoillot a plus de vingt ans d&#8217;exp\u00e9rience en tant que Directeur Juridique de Groupes, Secr\u00e9taire de Conseils d\u2019Administration et Avocat en France et \u00e0 l&#8217;International. Il a exerc\u00e9 les fonctions de Conseil Juridique au sein de la Direction Juridique du Medef. Il a occup\u00e9 dans diff\u00e9rents Groupes financiers et industriels (Worms, CDR, ArcelorMittal, Framatome) les fonctions de Directeur Juridique avec une pratique active des diff\u00e9rents domaines du droit de l&#8217;entreprise, de la Corporate Governance, de la conformit\u00e9 et du droit des affaires, en particulier les fusions-acquisitions, le droit financier et boursier, les contrats industriels, le droit de l\u2019\u00e9nergie, le droit du nucl\u00e9aire, et le r\u00e8glement des diff\u00e9rends.<\/li><\/ul>\n\n\n\n<ul class=\"wp-block-list\"><li> Il a occup\u00e9 les postes de secr\u00e9taire de comit\u00e9s ex\u00e9cutifs et de membres de conseils d\u2019administration au sein de ces Groupes. Il a \u00e9galement eu les responsabilit\u00e9s d\u2019administrateur de soci\u00e9t\u00e9s en France et \u00e0 l\u2019International pour des filiales de groupes industriels. Il a d\u00e9velopp\u00e9 une forte pratique des questions de corporate governance, de Fusions &amp; Acquisitions et de conformit\u00e9.<\/li><\/ul>\n\n\n\n<ul class=\"wp-block-list\"><li> Il a construit une expertise reconnue en droit de l\u2019environnement industriel et droit de l\u2019\u00e9nergie (co-auteur d&#8217;un ouvrage Droit de l&#8217;Environnement Industriel, Nouvelles Editions Fiduciaires). <\/li><\/ul>\n<\/div>\n\n\n\n<div class=\"wp-block-column is-vertically-aligned-center is-layout-flow wp-block-column-is-layout-flow\" style=\"flex-basis:33.33%\">\n<figure class=\"wp-block-image size-large\"><img loading=\"lazy\" decoding=\"async\" width=\"553\" height=\"694\" src=\"https:\/\/www.bavoillotavocats.com\/wp-content\/uploads\/2020\/02\/Francois-Bavoillot.jpg\" alt=\"\" class=\"wp-image-140\" srcset=\"https:\/\/www.bavoillotavocats.com\/wp-content\/uploads\/2020\/02\/Francois-Bavoillot.jpg 553w, https:\/\/www.bavoillotavocats.com\/wp-content\/uploads\/2020\/02\/Francois-Bavoillot-239x300.jpg 239w\" sizes=\"auto, (max-width: 553px) 85vw, 553px\" \/><figcaption>Francois Bavoillot<\/figcaption><\/figure>\n<\/div>\n<\/div>\n","protected":false},"excerpt":{"rendered":"<p>Le Cabinet BAVOILLOT AVOCATS intervient dans les domaines des Fusions &amp; Acquisitions, de la corporate governance et conformit\u00e9 et l\u2019accompagnement des Conseils d\u2019administration, Conseils de Surveillance, organes ex\u00e9cutifs. Le Cabinet conseille ses clients dans la r\u00e9alisation des op\u00e9rations de restructurations et de r\u00e9organisation corporate. Il assiste \u00e9galement ses clients dans les domaines du droit des &hellip; <a href=\"https:\/\/www.bavoillotavocats.com\/index.php\/fr\/le-cabinet\/\" class=\"more-link\">Continue reading<span class=\"screen-reader-text\"> &#8220;Le Cabinet&#8221;<\/span><\/a><\/p>\n","protected":false},"author":1,"featured_media":0,"parent":0,"menu_order":0,"comment_status":"closed","ping_status":"closed","template":"","meta":{"inline_featured_image":false,"footnotes":""},"class_list":["post-9","page","type-page","status-publish","hentry"],"_links":{"self":[{"href":"https:\/\/www.bavoillotavocats.com\/index.php\/wp-json\/wp\/v2\/pages\/9","targetHints":{"allow":["GET"]}}],"collection":[{"href":"https:\/\/www.bavoillotavocats.com\/index.php\/wp-json\/wp\/v2\/pages"}],"about":[{"href":"https:\/\/www.bavoillotavocats.com\/index.php\/wp-json\/wp\/v2\/types\/page"}],"author":[{"embeddable":true,"href":"https:\/\/www.bavoillotavocats.com\/index.php\/wp-json\/wp\/v2\/users\/1"}],"replies":[{"embeddable":true,"href":"https:\/\/www.bavoillotavocats.com\/index.php\/wp-json\/wp\/v2\/comments?post=9"}],"version-history":[{"count":18,"href":"https:\/\/www.bavoillotavocats.com\/index.php\/wp-json\/wp\/v2\/pages\/9\/revisions"}],"predecessor-version":[{"id":380,"href":"https:\/\/www.bavoillotavocats.com\/index.php\/wp-json\/wp\/v2\/pages\/9\/revisions\/380"}],"wp:attachment":[{"href":"https:\/\/www.bavoillotavocats.com\/index.php\/wp-json\/wp\/v2\/media?parent=9"}],"curies":[{"name":"wp","href":"https:\/\/api.w.org\/{rel}","templated":true}]}}